{"id":5480,"date":"2022-11-22T19:27:58","date_gmt":"2022-11-22T19:27:58","guid":{"rendered":"https:\/\/ininavarra.staging.nazaries.cloud\/?page_id=5480"},"modified":"2023-09-06T07:52:24","modified_gmt":"2023-09-06T07:52:24","slug":"actualidad","status":"publish","type":"page","link":"https:\/\/ininavarra.staging.nazaries.cloud\/eu\/actualidad\/","title":{"rendered":"Aktualitatea"},"content":{"rendered":"\t\t<div data-elementor-type=\"wp-page\" data-elementor-id=\"5480\" class=\"elementor elementor-5480 elementor-2580\" data-elementor-post-type=\"page\">\n\t\t\t\t\t\t<section class=\"elementor-section elementor-top-section elementor-element elementor-element-01f2300 elementor-section-height-min-height elementor-section-boxed elementor-section-height-default elementor-section-items-middle\" data-id=\"01f2300\" data-element_type=\"section\" data-settings=\"{&quot;background_background&quot;:&quot;classic&quot;}\">\n\t\t\t\t\t\t\t<div class=\"elementor-background-overlay\"><\/div>\n\t\t\t\t\t\t\t<div class=\"elementor-container elementor-column-gap-no\">\n\t\t\t\t\t<div class=\"elementor-column elementor-col-100 elementor-top-column elementor-element elementor-element-d908717\" data-id=\"d908717\" data-element_type=\"column\">\n\t\t\t<div class=\"elementor-widget-wrap elementor-element-populated\">\n\t\t\t\t\t\t<div class=\"elementor-element elementor-element-a92d70e elementor-widget elementor-widget-heading\" data-id=\"a92d70e\" data-element_type=\"widget\" data-widget_type=\"heading.default\">\n\t\t\t\t<div class=\"elementor-widget-container\">\n\t\t\t\t\t<h1 class=\"elementor-heading-title elementor-size-default\">INI albisteak<\/h1>\t\t\t\t<\/div>\n\t\t\t\t<\/div>\n\t\t\t\t<div class=\"elementor-element elementor-element-39dcc49 elementor-widget elementor-widget-heading\" data-id=\"39dcc49\" data-element_type=\"widget\" data-widget_type=\"heading.default\">\n\t\t\t\t<div class=\"elementor-widget-container\">\n\t\t\t\t\t<h1 class=\"elementor-heading-title elementor-size-default\">Aktualitatea<\/h1>\t\t\t\t<\/div>\n\t\t\t\t<\/div>\n\t\t\t\t\t<\/div>\n\t\t<\/div>\n\t\t\t\t\t<\/div>\n\t\t<\/section>\n\t\t\t\t<section class=\"elementor-section elementor-top-section elementor-element elementor-element-9595e1f elementor-section-boxed elementor-section-height-default elementor-section-height-default\" data-id=\"9595e1f\" data-element_type=\"section\">\n\t\t\t\t\t\t<div class=\"elementor-container elementor-column-gap-no\">\n\t\t\t\t\t<div class=\"elementor-column elementor-col-100 elementor-top-column elementor-element elementor-element-6322477\" data-id=\"6322477\" data-element_type=\"column\">\n\t\t\t<div class=\"elementor-widget-wrap elementor-element-populated\">\n\t\t\t\t\t\t<div class=\"elementor-element elementor-element-8bca75e elementor-widget elementor-widget-uael-posts\" data-id=\"8bca75e\" data-element_type=\"widget\" data-settings=\"{&quot;feed_show_filters&quot;:&quot;yes&quot;,&quot;feed_slides_to_show_tablet&quot;:2,&quot;feed_slides_to_show_mobile&quot;:1}\" data-widget_type=\"uael-posts.feed\">\n\t\t\t\t<div class=\"elementor-widget-container\">\n\t\t\t\t\t\t\t<div class=\"uael-post__header\">\n\t\t\t\t\t<div class=\"uael-post__header-filters-wrap\">\n\t\t\t<ul class=\"uael-post__header-filters\" aria-label=\"Taxonomy Filter\">\n\t\t\t\t<li class=\"uael-post__header-filter uael-filter__current\" data-filter=\"*\">Guztiak<\/li>\n\t\t\t\t\t\t\t\t<li class=\"uael-post__header-filter\" data-filter=\".2022-eu\" tabindex=\"0\">2022<\/li>\n\t\t\t\t\t\t\t\t<li class=\"uael-post__header-filter\" data-filter=\".2023-eu\" tabindex=\"0\">2023<\/li>\n\t\t\t\t\t\t\t<\/ul>\n\n\t\t\t\t\t<\/div>\n\t\t\t\t<\/div>\n\t\t<div class=\"uael-post__body\">\n\t\t\t\n\t\t\n\t\t<div class=\"uael-post-grid uael-posts\" data-query-type=\"custom\" data-structure=\"\" data-layout=\"\" data-page=\"5480\" data-skin=\"feed\" data-filter-default=\"Guztiak\" data-offset-top=\"30\" >\n\n\t\t\t\t\t\t\t<div class=\"uael-post-grid__inner uael-post__columns-1 uael-post__columns-tablet-1 uael-post__columns-mobile-1\">\n\t\t\t\n\n<div class=\"uael-post-wrapper  2023 aktualitatea \">\n\n\t<div class=\"uael-post__bg-wrap\">\n\t\t\n\t\t\n\t\t<div class=\"uael-post__inner-wrap \">\n\n\t\t\t\t<div class=\"uael-post__thumbnail\">\n\t\t\t\n\t\t\t<a href=\"https:\/\/ininavarra.staging.nazaries.cloud\/eu\/seis-profesionales-independientes-conforman-el-nuevo-comite-de-inversiones-del-ini\/\" target=\"_self\" title=\"Seis profesionales independientes conforman el nuevo Comit\u00e9 de Inversiones del INI\"><img fetchpriority=\"high\" decoding=\"async\" width=\"940\" height=\"535\" src=\"https:\/\/ininavarra.staging.nazaries.cloud\/wp-content\/uploads\/2023\/03\/nuevo-Comite-de-Inversiones-del-INI.jpg\" class=\"attachment-full size-full wp-image-5134\" alt=\"De izquierda a derecha: C\u00e9sar Esparza, Ana Urs\u00faa, Jorge Aleixandre, Francisco Fern\u00e1ndez, Elma Saiz, Jon Angulo, Ascen Cruchaga, Cristina Otano, I\u00f1aki Iraizoz, Ignacio Olabarr y \u00c1gueda Tortajada. Falta en la foto, Federico Conchillo, conectado telem\u00e1ticamente.\" srcset=\"https:\/\/ininavarra.staging.nazaries.cloud\/wp-content\/uploads\/2023\/03\/nuevo-Comite-de-Inversiones-del-INI.jpg 940w, https:\/\/ininavarra.staging.nazaries.cloud\/wp-content\/uploads\/2023\/03\/nuevo-Comite-de-Inversiones-del-INI-300x171.jpg 300w, https:\/\/ininavarra.staging.nazaries.cloud\/wp-content\/uploads\/2023\/03\/nuevo-Comite-de-Inversiones-del-INI-768x437.jpg 768w\" sizes=\"(max-width: 940px) 100vw, 940px\" \/><\/a>\n\t\t\t\t\t<\/div>\n\t\t\n\t\t\t\n\t\t\t<div class=\"uael-post__content-wrap\">\n\n\t\t\t\t\t<h3 class=\"uael-post__title\">\n\n\t\t\n\t\t\t\t\t\t<a href=\"https:\/\/ininavarra.staging.nazaries.cloud\/eu\/seis-profesionales-independientes-conforman-el-nuevo-comite-de-inversiones-del-ini\/\" target=\"_self\">\n\t\t\t\tSeis profesionales independientes conforman el nuevo Comit\u00e9 de Inversiones del INI\t\t\t<\/a>\n\n\t\t\t\t<\/h3>\n\t\t<div class=\"uael-post__separator\"><\/div>\n\t\t<div class=\"uael-post__excerpt\">\n\t\t\tEl Consejo de Administraci\u00f3n del Instituto Navarro de Inversiones (INI) ha nombrado hoy a \u00c1gueda Tortajada, Ascen Cruchaga, Federico Conchillo, Ignacio Olabarri, I\u00f1aki Iraizoz y ...\t\t<\/div>\n\n\t\t\t\t\t<div class=\"uael-post__meta-data\">\n\t\t\t\t\t<span class=\"uael-post__date\">\n\t\t\t\t\t\t\t\t\t\t\t\t\t\t\t\t\t\t\t\t\t\t\n\t\t\t8 de February de 2023\t\t<\/span>\n\t\t\t\t<\/div>\n\t\t\t\t\t<\/div>\n\t\t\t\n\t\t<\/div>\n\t\t\n\t<\/div>\n\n<\/div>\n\n\n<div class=\"uael-post-wrapper  2022 aktualitatea \">\n\n\t<div class=\"uael-post__bg-wrap\">\n\t\t\n\t\t\n\t\t<div class=\"uael-post__inner-wrap \">\n\n\t\t\t\t<div class=\"uael-post__thumbnail\">\n\t\t\t\n\t\t\t<a href=\"https:\/\/ininavarra.staging.nazaries.cloud\/eu\/el-instituto-navarro-de-inversiones-nombra-a-su-consejo-de-administracion\/\" target=\"_self\" title=\"El Instituto Navarro de Inversiones nombra a su Consejo de Administraci\u00f3n\"><img decoding=\"async\" width=\"940\" height=\"535\" src=\"https:\/\/ininavarra.staging.nazaries.cloud\/wp-content\/uploads\/2022\/08\/6.jpg\" class=\"attachment-full size-full wp-image-3434\" alt=\"El Instituto Navarro de Inversiones nombra a su Consejo de Administraci\u00f3n\" srcset=\"https:\/\/ininavarra.staging.nazaries.cloud\/wp-content\/uploads\/2022\/08\/6.jpg 940w, https:\/\/ininavarra.staging.nazaries.cloud\/wp-content\/uploads\/2022\/08\/6-300x171.jpg 300w, https:\/\/ininavarra.staging.nazaries.cloud\/wp-content\/uploads\/2022\/08\/6-768x437.jpg 768w\" sizes=\"(max-width: 940px) 100vw, 940px\" \/><\/a>\n\t\t\t\t\t<\/div>\n\t\t\n\t\t\t\n\t\t\t<div class=\"uael-post__content-wrap\">\n\n\t\t\t\t\t<h3 class=\"uael-post__title\">\n\n\t\t\n\t\t\t\t\t\t<a href=\"https:\/\/ininavarra.staging.nazaries.cloud\/eu\/el-instituto-navarro-de-inversiones-nombra-a-su-consejo-de-administracion\/\" target=\"_self\">\n\t\t\t\tEl Instituto Navarro de Inversiones nombra a su Consejo de Administraci\u00f3n\t\t\t<\/a>\n\n\t\t\t\t<\/h3>\n\t\t<div class=\"uael-post__separator\"><\/div>\n\t\t<div class=\"uael-post__excerpt\">\n\t\t\tEst\u00e1 compuesto por 12 personas y su presidenta es la consejera de Econom\u00eda y Hacienda, Elma Saiz El Instituto Navarro de Inversiones (INI) ha nombrado ...\t\t<\/div>\n\n\t\t\t\t\t<div class=\"uael-post__meta-data\">\n\t\t\t\t\t<span class=\"uael-post__date\">\n\t\t\t\t\t\t\t\t\t\t\t\t\t\t\t\t\t\t\t\t\t\t\n\t\t\t18 de August de 2022\t\t<\/span>\n\t\t\t\t<\/div>\n\t\t\t\t\t<\/div>\n\t\t\t\n\t\t<\/div>\n\t\t\n\t<\/div>\n\n<\/div>\n\n\n<div class=\"uael-post-wrapper  2022 aktualitatea \">\n\n\t<div class=\"uael-post__bg-wrap\">\n\t\t\n\t\t\n\t\t<div class=\"uael-post__inner-wrap \">\n\n\t\t\t\t<div class=\"uael-post__thumbnail\">\n\t\t\t\n\t\t\t<a href=\"https:\/\/ininavarra.staging.nazaries.cloud\/eu\/el-gobierno-de-navarra-aprueba-la-creacion-del-instituto-navarro-de-inversiones\/\" target=\"_self\" title=\"El Gobierno de Navarra aprueba la creaci\u00f3n del Instituto Navarro de Inversiones\"><img decoding=\"async\" width=\"940\" height=\"535\" src=\"https:\/\/ininavarra.staging.nazaries.cloud\/wp-content\/uploads\/2022\/08\/5.jpg\" class=\"attachment-full size-full wp-image-3433\" alt=\"El Gobierno aprueba la creaci\u00f3n del Instituto Navarro de Inversiones\" srcset=\"https:\/\/ininavarra.staging.nazaries.cloud\/wp-content\/uploads\/2022\/08\/5.jpg 940w, https:\/\/ininavarra.staging.nazaries.cloud\/wp-content\/uploads\/2022\/08\/5-300x171.jpg 300w, https:\/\/ininavarra.staging.nazaries.cloud\/wp-content\/uploads\/2022\/08\/5-768x437.jpg 768w\" sizes=\"(max-width: 940px) 100vw, 940px\" \/><\/a>\n\t\t\t\t\t<\/div>\n\t\t\n\t\t\t\n\t\t\t<div class=\"uael-post__content-wrap\">\n\n\t\t\t\t\t<h3 class=\"uael-post__title\">\n\n\t\t\n\t\t\t\t\t\t<a href=\"https:\/\/ininavarra.staging.nazaries.cloud\/eu\/el-gobierno-de-navarra-aprueba-la-creacion-del-instituto-navarro-de-inversiones\/\" target=\"_self\">\n\t\t\t\tEl Gobierno de Navarra aprueba la creaci\u00f3n del Instituto Navarro de Inversiones\t\t\t<\/a>\n\n\t\t\t\t<\/h3>\n\t\t<div class=\"uael-post__separator\"><\/div>\n\t\t<div class=\"uael-post__excerpt\">\n\t\t\tEl INI nace en cumplimiento del acuerdo de compromisos presupuestarios firmado por el ejecutivo El Gobierno de Navarra ha aprobado en su sesi\u00f3n de hoy ...\t\t<\/div>\n\n\t\t\t\t\t<div class=\"uael-post__meta-data\">\n\t\t\t\t\t<span class=\"uael-post__date\">\n\t\t\t\t\t\t\t\t\t\t\t\t\t\t\t\t\t\t\t\t\t\t\n\t\t\t11 de May de 2022\t\t<\/span>\n\t\t\t\t<\/div>\n\t\t\t\t\t<\/div>\n\t\t\t\n\t\t<\/div>\n\t\t\n\t<\/div>\n\n<\/div>\n\t\t\t\t<\/div>\n\t\t\t\t\t\t\n\t\t<\/div>\n\n\t\t\t\t\t\t<\/div>\n\t\t<div class=\"uael-post__footer\">\n\t\t\t\t\t<\/div>\n\t\t\t\t\t\t<\/div>\n\t\t\t\t<\/div>\n\t\t\t\t\t<\/div>\n\t\t<\/div>\n\t\t\t\t\t<\/div>\n\t\t<\/section>\n\t\t\t\t<\/div>\n\t\t","protected":false},"excerpt":{"rendered":"<p>INI albisteak Aktualitatea Guztiak 2022 2023 Seis profesionales independientes conforman el nuevo Comit\u00e9 de Inversiones del INI El Consejo de Administraci\u00f3n del Instituto Navarro de Inversiones (INI) ha nombrado hoy a \u00c1gueda Tortajada, Ascen Cruchaga, Federico Conchillo, Ignacio Olabarri, I\u00f1aki Iraizoz y Jon Angulo, quienes tomar\u00e1n las decisiones de inversi\u00f3n del Instituto 8 de febrero [&hellip;]<\/p>\n","protected":false},"author":1,"featured_media":0,"parent":0,"menu_order":0,"comment_status":"closed","ping_status":"closed","template":"","meta":{"_uag_custom_page_level_css":"","site-sidebar-layout":"no-sidebar","site-content-layout":"page-builder","ast-site-content-layout":"","site-content-style":"default","site-sidebar-style":"default","ast-global-header-display":"","ast-banner-title-visibility":"","ast-main-header-display":"","ast-hfb-above-header-display":"","ast-hfb-below-header-display":"","ast-hfb-mobile-header-display":"","site-post-title":"disabled","ast-breadcrumbs-content":"","ast-featured-img":"disabled","footer-sml-layout":"","theme-transparent-header-meta":"enabled","adv-header-id-meta":"","stick-header-meta":"","header-above-stick-meta":"","header-main-stick-meta":"","header-below-stick-meta":"","astra-migrate-meta-layouts":"default","ast-page-background-enabled":"default","ast-page-background-meta":{"desktop":{"background-color":"","background-image":"","background-repeat":"repeat","background-position":"center center","background-size":"auto","background-attachment":"scroll","background-type":"","background-media":"","overlay-type":"","overlay-color":"","overlay-opacity":"","overlay-gradient":""},"tablet":{"background-color":"","background-image":"","background-repeat":"repeat","background-position":"center center","background-size":"auto","background-attachment":"scroll","background-type":"","background-media":"","overlay-type":"","overlay-color":"","overlay-opacity":"","overlay-gradient":""},"mobile":{"background-color":"","background-image":"","background-repeat":"repeat","background-position":"center center","background-size":"auto","background-attachment":"scroll","background-type":"","background-media":"","overlay-type":"","overlay-color":"","overlay-opacity":"","overlay-gradient":""}},"ast-content-background-meta":{"desktop":{"background-color":"var(--ast-global-color-5)","background-image":"","background-repeat":"repeat","background-position":"center center","background-size":"auto","background-attachment":"scroll","background-type":"","background-media":"","overlay-type":"","overlay-color":"","overlay-opacity":"","overlay-gradient":""},"tablet":{"background-color":"var(--ast-global-color-5)","background-image":"","background-repeat":"repeat","background-position":"center center","background-size":"auto","background-attachment":"scroll","background-type":"","background-media":"","overlay-type":"","overlay-color":"","overlay-opacity":"","overlay-gradient":""},"mobile":{"background-color":"var(--ast-global-color-5)","background-image":"","background-repeat":"repeat","background-position":"center center","background-size":"auto","background-attachment":"scroll","background-type":"","background-media":"","overlay-type":"","overlay-color":"","overlay-opacity":"","overlay-gradient":""}},"footnotes":""},"class_list":["post-5480","page","type-page","status-publish","hentry"],"yoast_head":"<!-- This site is optimized with the Yoast SEO plugin v25.2 - https:\/\/yoast.com\/wordpress\/plugins\/seo\/ -->\n<title>Aktualitatea - INI Navarra<\/title>\n<meta name=\"robots\" content=\"index, follow, max-snippet:-1, max-image-preview:large, max-video-preview:-1\" \/>\n<link rel=\"canonical\" href=\"https:\/\/www.ininavarra.es\/actualidad\/\" \/>\n<meta property=\"og:locale\" content=\"eu_ES\" \/>\n<meta property=\"og:type\" content=\"article\" \/>\n<meta property=\"og:title\" content=\"Aktualitatea - INI Navarra\" \/>\n<meta property=\"og:description\" content=\"INI albisteak Aktualitatea Guztiak 2022 2023 Seis profesionales independientes conforman el nuevo Comit\u00e9 de Inversiones del INI El Consejo de Administraci\u00f3n del Instituto Navarro de Inversiones (INI) ha nombrado hoy a \u00c1gueda Tortajada, Ascen Cruchaga, Federico Conchillo, Ignacio Olabarri, I\u00f1aki Iraizoz y Jon Angulo, quienes tomar\u00e1n las decisiones de inversi\u00f3n del Instituto 8 de febrero [&hellip;]\" \/>\n<meta property=\"og:url\" content=\"https:\/\/www.ininavarra.es\/actualidad\/\" \/>\n<meta property=\"og:site_name\" content=\"INI Navarra\" \/>\n<meta property=\"article:modified_time\" content=\"2023-09-06T07:52:24+00:00\" \/>\n<meta property=\"og:image\" content=\"https:\/\/www.ininavarra.es\/wp-content\/uploads\/2023\/03\/nuevo-Comite-de-Inversiones-del-INI.jpg\" \/>\n<meta name=\"twitter:card\" content=\"summary_large_image\" \/>\n<meta name=\"twitter:label1\" content=\"Est. reading time\" \/>\n\t<meta name=\"twitter:data1\" content=\"1 minute\" \/>\n<script type=\"application\/ld+json\" class=\"yoast-schema-graph\">{\"@context\":\"https:\/\/schema.org\",\"@graph\":[{\"@type\":\"WebPage\",\"@id\":\"https:\/\/www.ininavarra.es\/actualidad\/\",\"url\":\"https:\/\/www.ininavarra.es\/actualidad\/\",\"name\":\"Aktualitatea - INI Navarra\",\"isPartOf\":{\"@id\":\"https:\/\/www.ininavarra.es\/#website\"},\"primaryImageOfPage\":{\"@id\":\"https:\/\/www.ininavarra.es\/actualidad\/#primaryimage\"},\"image\":{\"@id\":\"https:\/\/www.ininavarra.es\/actualidad\/#primaryimage\"},\"thumbnailUrl\":\"https:\/\/ininavarra.staging.nazaries.cloud\/wp-content\/uploads\/2023\/03\/nuevo-Comite-de-Inversiones-del-INI.jpg\",\"datePublished\":\"2022-11-22T19:27:58+00:00\",\"dateModified\":\"2023-09-06T07:52:24+00:00\",\"breadcrumb\":{\"@id\":\"https:\/\/www.ininavarra.es\/actualidad\/#breadcrumb\"},\"inLanguage\":\"eu-ES\",\"potentialAction\":[{\"@type\":\"ReadAction\",\"target\":[\"https:\/\/www.ininavarra.es\/actualidad\/\"]}]},{\"@type\":\"ImageObject\",\"inLanguage\":\"eu-ES\",\"@id\":\"https:\/\/www.ininavarra.es\/actualidad\/#primaryimage\",\"url\":\"https:\/\/ininavarra.staging.nazaries.cloud\/wp-content\/uploads\/2023\/03\/nuevo-Comite-de-Inversiones-del-INI.jpg\",\"contentUrl\":\"https:\/\/ininavarra.staging.nazaries.cloud\/wp-content\/uploads\/2023\/03\/nuevo-Comite-de-Inversiones-del-INI.jpg\"},{\"@type\":\"BreadcrumbList\",\"@id\":\"https:\/\/www.ininavarra.es\/actualidad\/#breadcrumb\",\"itemListElement\":[{\"@type\":\"ListItem\",\"position\":1,\"name\":\"Portada\",\"item\":\"https:\/\/www.ininavarra.es\/eu\/\"},{\"@type\":\"ListItem\",\"position\":2,\"name\":\"Aktualitatea\"}]},{\"@type\":\"WebSite\",\"@id\":\"https:\/\/www.ininavarra.es\/#website\",\"url\":\"https:\/\/www.ininavarra.es\/\",\"name\":\"INI Navarra\",\"description\":\"Instituto Navarro de Inversiones\",\"publisher\":{\"@id\":\"https:\/\/www.ininavarra.es\/#organization\"},\"potentialAction\":[{\"@type\":\"SearchAction\",\"target\":{\"@type\":\"EntryPoint\",\"urlTemplate\":\"https:\/\/www.ininavarra.es\/?s={search_term_string}\"},\"query-input\":{\"@type\":\"PropertyValueSpecification\",\"valueRequired\":true,\"valueName\":\"search_term_string\"}}],\"inLanguage\":\"eu-ES\"},{\"@type\":\"Organization\",\"@id\":\"https:\/\/www.ininavarra.es\/#organization\",\"name\":\"INI Navarra\",\"url\":\"https:\/\/www.ininavarra.es\/\",\"logo\":{\"@type\":\"ImageObject\",\"inLanguage\":\"eu-ES\",\"@id\":\"https:\/\/www.ininavarra.es\/#\/schema\/logo\/image\/\",\"url\":\"https:\/\/ininavarra.staging.nazaries.cloud\/wp-content\/uploads\/2022\/11\/INI_logo-principal.png\",\"contentUrl\":\"https:\/\/ininavarra.staging.nazaries.cloud\/wp-content\/uploads\/2022\/11\/INI_logo-principal.png\",\"width\":2000,\"height\":769,\"caption\":\"INI Navarra\"},\"image\":{\"@id\":\"https:\/\/www.ininavarra.es\/#\/schema\/logo\/image\/\"}}]}<\/script>\n<!-- \/ Yoast SEO plugin. -->","yoast_head_json":{"title":"Aktualitatea - INI Navarra","robots":{"index":"index","follow":"follow","max-snippet":"max-snippet:-1","max-image-preview":"max-image-preview:large","max-video-preview":"max-video-preview:-1"},"canonical":"https:\/\/www.ininavarra.es\/actualidad\/","og_locale":"eu_ES","og_type":"article","og_title":"Aktualitatea - INI Navarra","og_description":"INI albisteak Aktualitatea Guztiak 2022 2023 Seis profesionales independientes conforman el nuevo Comit\u00e9 de Inversiones del INI El Consejo de Administraci\u00f3n del Instituto Navarro de Inversiones (INI) ha nombrado hoy a \u00c1gueda Tortajada, Ascen Cruchaga, Federico Conchillo, Ignacio Olabarri, I\u00f1aki Iraizoz y Jon Angulo, quienes tomar\u00e1n las decisiones de inversi\u00f3n del Instituto 8 de febrero [&hellip;]","og_url":"https:\/\/www.ininavarra.es\/actualidad\/","og_site_name":"INI Navarra","article_modified_time":"2023-09-06T07:52:24+00:00","og_image":[{"url":"https:\/\/www.ininavarra.es\/wp-content\/uploads\/2023\/03\/nuevo-Comite-de-Inversiones-del-INI.jpg","type":"","width":"","height":""}],"twitter_card":"summary_large_image","twitter_misc":{"Est. reading time":"1 minute"},"schema":{"@context":"https:\/\/schema.org","@graph":[{"@type":"WebPage","@id":"https:\/\/www.ininavarra.es\/actualidad\/","url":"https:\/\/www.ininavarra.es\/actualidad\/","name":"Aktualitatea - INI Navarra","isPartOf":{"@id":"https:\/\/www.ininavarra.es\/#website"},"primaryImageOfPage":{"@id":"https:\/\/www.ininavarra.es\/actualidad\/#primaryimage"},"image":{"@id":"https:\/\/www.ininavarra.es\/actualidad\/#primaryimage"},"thumbnailUrl":"https:\/\/ininavarra.staging.nazaries.cloud\/wp-content\/uploads\/2023\/03\/nuevo-Comite-de-Inversiones-del-INI.jpg","datePublished":"2022-11-22T19:27:58+00:00","dateModified":"2023-09-06T07:52:24+00:00","breadcrumb":{"@id":"https:\/\/www.ininavarra.es\/actualidad\/#breadcrumb"},"inLanguage":"eu-ES","potentialAction":[{"@type":"ReadAction","target":["https:\/\/www.ininavarra.es\/actualidad\/"]}]},{"@type":"ImageObject","inLanguage":"eu-ES","@id":"https:\/\/www.ininavarra.es\/actualidad\/#primaryimage","url":"https:\/\/ininavarra.staging.nazaries.cloud\/wp-content\/uploads\/2023\/03\/nuevo-Comite-de-Inversiones-del-INI.jpg","contentUrl":"https:\/\/ininavarra.staging.nazaries.cloud\/wp-content\/uploads\/2023\/03\/nuevo-Comite-de-Inversiones-del-INI.jpg"},{"@type":"BreadcrumbList","@id":"https:\/\/www.ininavarra.es\/actualidad\/#breadcrumb","itemListElement":[{"@type":"ListItem","position":1,"name":"Portada","item":"https:\/\/www.ininavarra.es\/eu\/"},{"@type":"ListItem","position":2,"name":"Aktualitatea"}]},{"@type":"WebSite","@id":"https:\/\/www.ininavarra.es\/#website","url":"https:\/\/www.ininavarra.es\/","name":"INI Navarra","description":"Instituto Navarro de Inversiones","publisher":{"@id":"https:\/\/www.ininavarra.es\/#organization"},"potentialAction":[{"@type":"SearchAction","target":{"@type":"EntryPoint","urlTemplate":"https:\/\/www.ininavarra.es\/?s={search_term_string}"},"query-input":{"@type":"PropertyValueSpecification","valueRequired":true,"valueName":"search_term_string"}}],"inLanguage":"eu-ES"},{"@type":"Organization","@id":"https:\/\/www.ininavarra.es\/#organization","name":"INI Navarra","url":"https:\/\/www.ininavarra.es\/","logo":{"@type":"ImageObject","inLanguage":"eu-ES","@id":"https:\/\/www.ininavarra.es\/#\/schema\/logo\/image\/","url":"https:\/\/ininavarra.staging.nazaries.cloud\/wp-content\/uploads\/2022\/11\/INI_logo-principal.png","contentUrl":"https:\/\/ininavarra.staging.nazaries.cloud\/wp-content\/uploads\/2022\/11\/INI_logo-principal.png","width":2000,"height":769,"caption":"INI Navarra"},"image":{"@id":"https:\/\/www.ininavarra.es\/#\/schema\/logo\/image\/"}}]}},"uagb_featured_image_src":{"full":false,"thumbnail":false,"medium":false,"medium_large":false,"large":false,"gs-tiny":false,"xl":false,"xxl":false,"xxxl":false,"xxxxl":false,"xxxxxl":false,"1536x1536":false,"2048x2048":false},"uagb_author_info":{"display_name":"Administrador","author_link":"https:\/\/ininavarra.staging.nazaries.cloud\/eu\/author\/gestor\/"},"uagb_comment_info":0,"uagb_excerpt":"INI albisteak Aktualitatea Guztiak 2022 2023 Seis profesionales independientes conforman el nuevo Comit\u00e9 de Inversiones del INI El Consejo de Administraci\u00f3n del Instituto Navarro de Inversiones (INI) ha nombrado hoy a \u00c1gueda Tortajada, Ascen Cruchaga, Federico Conchillo, Ignacio Olabarri, I\u00f1aki Iraizoz y Jon Angulo, quienes tomar\u00e1n las decisiones de inversi\u00f3n del Instituto 8 de febrero&hellip;","_links":{"self":[{"href":"https:\/\/ininavarra.staging.nazaries.cloud\/eu\/wp-json\/wp\/v2\/pages\/5480","targetHints":{"allow":["GET"]}}],"collection":[{"href":"https:\/\/ininavarra.staging.nazaries.cloud\/eu\/wp-json\/wp\/v2\/pages"}],"about":[{"href":"https:\/\/ininavarra.staging.nazaries.cloud\/eu\/wp-json\/wp\/v2\/types\/page"}],"author":[{"embeddable":true,"href":"https:\/\/ininavarra.staging.nazaries.cloud\/eu\/wp-json\/wp\/v2\/users\/1"}],"replies":[{"embeddable":true,"href":"https:\/\/ininavarra.staging.nazaries.cloud\/eu\/wp-json\/wp\/v2\/comments?post=5480"}],"version-history":[{"count":24,"href":"https:\/\/ininavarra.staging.nazaries.cloud\/eu\/wp-json\/wp\/v2\/pages\/5480\/revisions"}],"predecessor-version":[{"id":6213,"href":"https:\/\/ininavarra.staging.nazaries.cloud\/eu\/wp-json\/wp\/v2\/pages\/5480\/revisions\/6213"}],"wp:attachment":[{"href":"https:\/\/ininavarra.staging.nazaries.cloud\/eu\/wp-json\/wp\/v2\/media?parent=5480"}],"curies":[{"name":"wp","href":"https:\/\/api.w.org\/{rel}","templated":true}]}}