{"id":5346,"date":"2023-03-28T09:12:44","date_gmt":"2023-03-28T09:12:44","guid":{"rendered":"https:\/\/ininavarra.staging.nazaries.cloud\/politica-de-privacidad\/"},"modified":"2023-08-29T11:45:43","modified_gmt":"2023-08-29T11:45:43","slug":"politica-de-privacidad","status":"publish","type":"page","link":"https:\/\/ininavarra.staging.nazaries.cloud\/eu\/politica-de-privacidad\/","title":{"rendered":"Pribatutasun-politika"},"content":{"rendered":"\t\t<div data-elementor-type=\"wp-page\" data-elementor-id=\"5346\" class=\"elementor elementor-5346 elementor-5303\" data-elementor-post-type=\"page\">\n\t\t\t\t\t\t<section class=\"elementor-section elementor-top-section elementor-element elementor-element-1ab51090 elementor-section-boxed elementor-section-height-default elementor-section-height-default\" data-id=\"1ab51090\" data-element_type=\"section\">\n\t\t\t\t\t\t<div class=\"elementor-container elementor-column-gap-default\">\n\t\t\t\t\t<div class=\"elementor-column elementor-col-100 elementor-top-column elementor-element elementor-element-7cefdb4a\" data-id=\"7cefdb4a\" data-element_type=\"column\">\n\t\t\t<div class=\"elementor-widget-wrap elementor-element-populated\">\n\t\t\t\t\t\t<div class=\"elementor-element elementor-element-36ca04cd elementor-widget elementor-widget-text-editor\" data-id=\"36ca04cd\" data-element_type=\"widget\" data-widget_type=\"text-editor.default\">\n\t\t\t\t<div class=\"elementor-widget-container\">\n\t\t\t\t\t\t\t\t\t<h4>DATU PERTSONALAK WEB-ORRIAREN BIDEZ TRATATZEA<\/h4><p>Datuen Babesari buruzko araudi aplikagarrian ezarritakoa betez, jakinarazten dizugu NAFARROAKO INBERTSIO INSTITUTUAk arduradun gisa tratatuko dituen datuen berri emango dizugula, gure harremanetarako formularioaren bidez eskatzen duzun zerbitzua emateko. Horretarako, politika hau onartzen dela adierazten duen laukitxoa markatu behar duzu. Onartzen ez baduzu, ez dugu zure baimen\u00a0 espresurik izango, eta ezingo diogu zure eskaerari erantzun.<\/p><p>NAFARROAKO INBERTSIO INSTITUTUAk, eskaintzen dituen zerbitzuak behar bezala emateko, erabiltzaileak erantzun egin behar die gure webguneko inprimakietan agertzen diren galdera guztiei. Halaber, erabiltzaileak adierazten du adinez nagusia dela.<\/p><p>Eskatutako datu pertsonalen tratamenduaren helburua, gainera, NAFARROAKO INBERTSIO INSTITUTUAk etorkizunean eskainiko dituen produktu eta zerbitzuei buruzko informazio komertziala bidaltzea izango da. Informazio horrek barne hartzen\u00a0 ditu publizitate-eta sustapen-jakinarazpenak, posta arruntaren, faxaren, posta elektronikoaren edo beste edozein bitartekoren bidez. Tratamendu hori egiteko, erabiltzaileak web-orriko inprimakian horretarako dagoen laukitxoa markatu behar du.<\/p><p>Gure buletin\/newsletter edo blogean harpidetzen bazara, zure posta elektronikoa gure datu-basean sartuko da albisteak bidaltzeko. Zerbitzu honetan harpidetzeko, harpidetza-laukitxoa markatu behar duzu. Hala egiten ez baduzu, ez duzu gure buletinean izena emango.<\/p><p>Zure datuak gure enplegu-plataforman sartzen badituzu, jakinarazten dizugu NAFARROAKO INBERTSIO INSTITUTUAk, datu horiek tratatzearen helburua datu horiek biltzea eta tratatzea dela, zure hautagaitza ebaluatzeko, etorkizunean zure ezaugarrietara egokitzen den lanpostu hutsen bat sortuko balitz. Biltegiratutako datuak urtebeterako gordeko dira, baimen hori berritzen ez bada behintzat.<\/p><p>Emandako datuak pertsonalak direnez, NAFARROAKO INBERTSIO INSTITUTUAk hitz ematen du konfidentzialtasun osoz erabiliko dituela, behar den sekretua gordez. Horretarako, entitateak segurtasun neurri egokiak ezarri ditu, arriskuen analisiaren arabera.<\/p><p>Jakinarazten dizugu zure datuak ez zaizkiela hirugarrenei utziko, eta ez dela nazioarteko datu-transferentziarik egingo, salbu eta legezko betebeharra bada, kontratua gauzatzeko beharrezkoa bada edo berariazko baimena ematen baduzu.<\/p><h4>ESKUBIDEAK<\/h4><p>Bildutako eta tratatutako datuak epe mugatu baterako gordeko dira. Epe hori araudi aplikagarriek NAFARROAKO INBERTSIO INSTITUTUAri ezarritako legezko betebeharrak betetzeko beharrezkoa dena izango da.\u00a0<\/p><p>Erabiltzaileak, interesatua den heinean, honako eskubide hauek erabil ditzake uneoro, Legezko Oharrean adierazitako helbidean:<\/p><p><strong>Datuak eskuratzeko eskubidea:<\/strong> interesdunak Arduradunari tratatutako datuak\u00a0<span style=\"background-color: var(--ast-global-color-5); font-size: 1rem;\">eskatu ahalko dizkio<\/span><span style=\"background-color: var(--ast-global-color-5); font-size: 1rem;\">\u00a0<\/span><span style=\"font-style: inherit; font-weight: inherit; background-color: var(--ast-global-color-5);\">eta, baiezkoa bada, zein datu pertsonal zehatz tratatzen diren ere.<\/span><\/p><p><strong>Zuzenketa-eskubidea:<\/strong> interesdunak bere datu pertsonalak zuzentzeko eskatu ahalko dio Arduradunari, zehatzak ez badira.<\/p><p><strong>Ezabatzeko eskubidea:<\/strong> interesdunak bere datu pertsonalak ezabatzeko eska diezaioke arduradunari.<\/p><p><strong>Aurka egiteko eskubidea:<\/strong> interesdunak uko egin diezaioke erantzuleari bere datu pertsonalak tratatzeari.<\/p><p><strong>Datu-prozesaketa mugatzeko eskubidea:<\/strong> interesdunak Arduradunari eskatu ahal izango dio bere datu pertsonalak aldi baterako ez tratatzeko kasu jakin batzuetan.<\/p><p><strong>Datuen eramangarritasunaren gaineko eskubidea:<\/strong> interesdunak bere datu automatizatuak eskatu ahalko dizkio Arduradunari, erraz eskuratu eta erabiltzeko moduko formatu egituratuan.<\/p><p>Eskubideei buruzko informazio gehiago: <a href=\"https:\/\/www.aepd.es\/es\">www.aepd.es.<\/a><\/p><p>Halaber, Datuak Babesteko Espainiako Agentzian erreklamazioa aurkezteko eskubidea du.<\/p><h4>COOKIE-AK<\/h4><p>Webgune honetan erabiltzen diren cookieak eta horien tratamenduari buruzko informazio guztia gure <a href=\"https:\/\/ininavarra.staging.nazaries.cloud\/eu\/cookie-politika\/\">Cookie Politikan<\/a> daude.\u00a0<\/p><h4>DATU PERTSONALEN TRATAMENDUARI BURUZKO INFORMAZIO OSOA<\/h4><p><strong>TRATAMENDUAREN ARDURADUNA<\/strong><\/p><p><strong>Nor da zure datuen tratamenduaren arduraduna?<\/strong><\/p><ul><li>Identitatea: INSTITUTO NAVARRO DE INVERSIONES, S.L. \/ NAFARROAKO INBERTSIO INSTITUTUA<\/li><li>Posta helbidea: Nafarroako Gorteen kalea, 2 \u2013 31002 Iru\u00f1a (Nafarroa)<\/li><li><span style=\"font-size: 16px;\">Posta elektronikoa: <\/span><a style=\"font-size: 16px; background-color: #ffffff;\" href=\"mailto:ini@ininavarra.es\">ini@ininavarra.es<\/a><span style=\"font-size: 16px;\">\u00a0<\/span><\/li><\/ul><p><strong>TRATAMENDUAREN HELBURUA<\/strong><\/p><p><strong>Zertarako tratatzen ditugu zure datu pertsonalak?<\/strong><\/p><p>NAFARROAKO INBERTSIO INSTITUTUAn interesdunek ematen diguten informazioa lantzen dugu, helburu hauekin:<\/p><ul><li><strong>Hornitzaileekin, bezeroekin eta langileekin<\/strong> ezarritako kontratu-harremana kudeatzea eta administratzea. Interesatuei interesatzen zaizkien produktuei buruzko<strong> informazio komertziala <\/strong>ematea.<\/li><li>Zure galderei erantzutea, <strong>web-orriaren<\/strong> bidez galderaren bat egiten badiguzu.<\/li><li>Lanpostu baterako plaza huts bat betetzeko hautagaitza ebaluatzea, <strong>CV<\/strong>a barne-mailan zein Nafarroako gainerako enpresa publikoetarako eman badigute.<\/li><li>Kontratu den lege-,ekonomia-, edo komunikazio-<strong>aholkularitza<\/strong> ematea.<\/li><li>Eskatzen badu, <strong>newsletterra<\/strong> bidali.<\/li><\/ul><p><strong>Zenbat denbora gordeko ditugu zure datuak?<\/strong><br \/>Emandako datu pertsonalak honela gordeko dira:<\/p><ol><li>Merkataritza-harremanak dirauen bitartean.<\/li><li>Interesdunak ez badu eskatzen kentzeko.<\/li><li>Legeak aginduta denbora jakin bat gorde behar den informazioa ez da ezabatuko legean adierazitako denbora igaro arte.<\/li><\/ol><p><strong>TRATAMENDUA LEGITIMIZATZEA<\/strong><\/p><p><strong>Zein da zure datuak tratatzeko legitimizazioa?<\/strong><\/p><p>Zure datuak tratatzeko legezko oinarria hau da:<\/p><ul><li>Kontratua gauzatzea, zu <strong>enplegatua, bezeroa, hornitzailea<\/strong> bazara.<\/li><li>Legezko betebeharra betetzea.<\/li><li>Interesdunaren baimena, web-orrian emana, harremanetarako formularioan eskaera edo kontsultaren bat egiten baduzu edo newsletter edo blogera harpidetzen bazara. Sare sozialak irudia.<\/li><li>Kontratu aurreko neurriak aplikatzeko interesdunaren eskaera, <strong>CV<\/strong> bidali badu.<\/li><li>Interes legitimoa publizitate-bidalketak egitean.<\/li><\/ul><p><strong>EMANDAKO DATUEN HARTZAILEAK<\/strong><\/p><p><strong>Zein hartzaileri jakinaraziko zaizkio zure datuak?<\/strong><\/p><ol><li>Datuak <strong style=\"font-size: 16px;\">legezko baldintza<\/strong><span style=\"font-size: 16px;\"> betez jakinaraziko zaizkie hauei:<\/span><ul><li>Gizarte-segurantzako erakundeak (langileak).<\/li><li>Zerga-administrazioa (langileak, hornitzaileak eta bezeroak).\u00a0<\/li><li>Administrazio-publikoko beste organo batzuk (langileak, hornitzaileak eta bezeroak).\u00a0<\/li><li>Aseguru-etxeak (langileak).<\/li><\/ul><\/li><li><strong>Kontratuaren arabera<\/strong> jakinaraziko dira datuak:<ul><li>Bankuak, aurrezki-kutxak eta landa-kutxak.<\/li><\/ul><\/li><li>LANGILE\/BEZERO\/GERTAERA\/FORMAZIOEN DATUAK (IRUDIAK) Sare Sozial hauei jakinaraziko zaizkie:<ul><li>Facebook<\/li><li>Twitter<\/li><li>Linkedin<\/li><li>Youtube<\/li><\/ul><\/li><\/ol><p><strong>INTERESDUNEN ESKUBIDEAK<\/strong><\/p><p><strong>Zeintzuk dira dituzten eskubideak?<\/strong><\/p><p>Edonork du ENPRESAN dagozkien datu pertsonalak tratatzen ari garen ala ez jakiteko eskubidea.<\/p><p><em><u>Datuak eskuratzeko eskubidea<\/u>: <\/em>interesdunak Arduradunari eskatu ahalko dizkio tratatutako datuak eta, baiezkoa bada, zein datu pertsonal zehatz tratatzen diren.<\/p><p><em><u>Zuzenketa-eskubidea<\/u>: <\/em>interesdunak bere datu pertsonalak zuzentzeko eskatu ahalko dio arduradunari, zehatzak ez badira.<\/p><p><em><u>Datuak ezabatzeko eskubide<\/u><\/em><u>a<\/u>: interesdunak bere datu pertsonalak ezabatzeko eskatu ahal izango dio arduradunari, besteak beste, datuak ez badira jada beharrezkoak jaso ziren helburuetarako.<\/p><p><em><u>Aurka egiteko eskubidea<\/u>: <\/em>interesdunak uko egin diezaioke erantzuleari bere datu pertsonalak tratatzeari.<\/p><p><em><u>Tratamendua mugatzeko eskubidea<\/u>:\u00a0<\/em><span style=\"background-color: var(--ast-global-color-5); font-size: 1rem;\">\u00a0<\/span><span style=\"background-color: var(--ast-global-color-5); font-size: 1rem;\">interesdunak Arduradunari eskatu ahal izango dio bere datu pertsonalak aldi baterako ez tratatzeko kasu jakin batzuetan.<\/span><\/p><p><em><u>Eramangarritasunerako\u00a0 eskubidea:<\/u> <\/em>interesdunak bere datu automatizatuak eskatu ahalko dizkio arduradunari, erraz eskuratu eta erabiltzeko moduko formatu egituratuan.<\/p><p><strong>Nola erabil daitezke eskubideak?<\/strong><\/p><p>NAFARROAKO INBERTSIO INSTITUTUAri (Nafarroako Gorteen kalea, 2 \u2013 31002 Iru\u00f1ea) zuzendutako idazki baten bidez.<\/p><p><strong>Zer erreklamazio-bide daude?<\/strong><\/p><p>Zure eskubideak behar bezala zaindu ez direla uste baduzu, Datuak Babesteko Espainiako Agentzian (Jorge Juan Kalea, 6, 28001, Madril) erreklamazioa aurkezteko eskubidea duzu.<\/p>\t\t\t\t\t\t\t\t<\/div>\n\t\t\t\t<\/div>\n\t\t\t\t\t<\/div>\n\t\t<\/div>\n\t\t\t\t\t<\/div>\n\t\t<\/section>\n\t\t\t\t<\/div>\n\t\t","protected":false},"excerpt":{"rendered":"<p>DATU PERTSONALAK WEB-ORRIAREN BIDEZ TRATATZEA Datuen Babesari buruzko araudi aplikagarrian ezarritakoa betez, jakinarazten dizugu NAFARROAKO INBERTSIO INSTITUTUAk arduradun gisa tratatuko dituen datuen berri emango dizugula, gure harremanetarako formularioaren bidez eskatzen duzun zerbitzua emateko. Horretarako, politika hau onartzen dela adierazten duen laukitxoa markatu behar duzu. Onartzen ez baduzu, ez dugu zure baimen\u00a0 espresurik izango, eta ezingo [&hellip;]<\/p>\n","protected":false},"author":1,"featured_media":0,"parent":0,"menu_order":0,"comment_status":"closed","ping_status":"closed","template":"","meta":{"_uag_custom_page_level_css":"","site-sidebar-layout":"default","site-content-layout":"","ast-site-content-layout":"","site-content-style":"default","site-sidebar-style":"default","ast-global-header-display":"","ast-banner-title-visibility":"","ast-main-header-display":"","ast-hfb-above-header-display":"","ast-hfb-below-header-display":"","ast-hfb-mobile-header-display":"","site-post-title":"","ast-breadcrumbs-content":"","ast-featured-img":"","footer-sml-layout":"","theme-transparent-header-meta":"","adv-header-id-meta":"","stick-header-meta":"","header-above-stick-meta":"","header-main-stick-meta":"","header-below-stick-meta":"","astra-migrate-meta-layouts":"default","ast-page-background-enabled":"default","ast-page-background-meta":{"desktop":{"background-color":"","background-image":"","background-repeat":"repeat","background-position":"center center","background-size":"auto","background-attachment":"scroll","background-type":"","background-media":"","overlay-type":"","overlay-color":"","overlay-opacity":"","overlay-gradient":""},"tablet":{"background-color":"","background-image":"","background-repeat":"repeat","background-position":"center center","background-size":"auto","background-attachment":"scroll","background-type":"","background-media":"","overlay-type":"","overlay-color":"","overlay-opacity":"","overlay-gradient":""},"mobile":{"background-color":"","background-image":"","background-repeat":"repeat","background-position":"center center","background-size":"auto","background-attachment":"scroll","background-type":"","background-media":"","overlay-type":"","overlay-color":"","overlay-opacity":"","overlay-gradient":""}},"ast-content-background-meta":{"desktop":{"background-color":"var(--ast-global-color-5)","background-image":"","background-repeat":"repeat","background-position":"center center","background-size":"auto","background-attachment":"scroll","background-type":"","background-media":"","overlay-type":"","overlay-color":"","overlay-opacity":"","overlay-gradient":""},"tablet":{"background-color":"var(--ast-global-color-5)","background-image":"","background-repeat":"repeat","background-position":"center center","background-size":"auto","background-attachment":"scroll","background-type":"","background-media":"","overlay-type":"","overlay-color":"","overlay-opacity":"","overlay-gradient":""},"mobile":{"background-color":"var(--ast-global-color-5)","background-image":"","background-repeat":"repeat","background-position":"center center","background-size":"auto","background-attachment":"scroll","background-type":"","background-media":"","overlay-type":"","overlay-color":"","overlay-opacity":"","overlay-gradient":""}},"footnotes":""},"class_list":["post-5346","page","type-page","status-publish","hentry"],"yoast_head":"<!-- This site is optimized with the Yoast SEO plugin v25.2 - https:\/\/yoast.com\/wordpress\/plugins\/seo\/ -->\n<title>Pol\u00edtica de cookies del INI.<\/title>\n<meta name=\"description\" content=\"Pol\u00edtica de cookies del Instituto Navarro de Inversiones - INI. Utilizaci\u00f3n de las cookies con objeto de prestar un mejor servicio.\" \/>\n<meta name=\"robots\" content=\"index, follow, max-snippet:-1, max-image-preview:large, max-video-preview:-1\" \/>\n<link rel=\"canonical\" href=\"https:\/\/www.ininavarra.es\/politica-de-privacidad\/\" \/>\n<meta property=\"og:locale\" content=\"eu_ES\" \/>\n<meta property=\"og:type\" content=\"article\" \/>\n<meta property=\"og:title\" content=\"Pol\u00edtica de cookies del INI.\" \/>\n<meta property=\"og:description\" content=\"Pol\u00edtica de cookies del Instituto Navarro de Inversiones - INI. Utilizaci\u00f3n de las cookies con objeto de prestar un mejor servicio.\" \/>\n<meta property=\"og:url\" content=\"https:\/\/www.ininavarra.es\/politica-de-privacidad\/\" \/>\n<meta property=\"og:site_name\" content=\"INI Navarra\" \/>\n<meta property=\"article:modified_time\" content=\"2023-08-29T11:45:43+00:00\" \/>\n<meta name=\"twitter:card\" content=\"summary_large_image\" \/>\n<meta name=\"twitter:label1\" content=\"Est. reading time\" \/>\n\t<meta name=\"twitter:data1\" content=\"5 minutes\" \/>\n<script type=\"application\/ld+json\" class=\"yoast-schema-graph\">{\"@context\":\"https:\/\/schema.org\",\"@graph\":[{\"@type\":\"WebPage\",\"@id\":\"https:\/\/www.ininavarra.es\/politica-de-privacidad\/\",\"url\":\"https:\/\/www.ininavarra.es\/politica-de-privacidad\/\",\"name\":\"Pol\u00edtica de cookies del INI.\",\"isPartOf\":{\"@id\":\"https:\/\/www.ininavarra.es\/#website\"},\"datePublished\":\"2023-03-28T09:12:44+00:00\",\"dateModified\":\"2023-08-29T11:45:43+00:00\",\"description\":\"Pol\u00edtica de cookies del Instituto Navarro de Inversiones - INI. Utilizaci\u00f3n de las cookies con objeto de prestar un mejor servicio.\",\"breadcrumb\":{\"@id\":\"https:\/\/www.ininavarra.es\/politica-de-privacidad\/#breadcrumb\"},\"inLanguage\":\"eu-ES\",\"potentialAction\":[{\"@type\":\"ReadAction\",\"target\":[\"https:\/\/www.ininavarra.es\/politica-de-privacidad\/\"]}]},{\"@type\":\"BreadcrumbList\",\"@id\":\"https:\/\/www.ininavarra.es\/politica-de-privacidad\/#breadcrumb\",\"itemListElement\":[{\"@type\":\"ListItem\",\"position\":1,\"name\":\"Portada\",\"item\":\"https:\/\/www.ininavarra.es\/eu\/\"},{\"@type\":\"ListItem\",\"position\":2,\"name\":\"Pribatutasun-politika\"}]},{\"@type\":\"WebSite\",\"@id\":\"https:\/\/www.ininavarra.es\/#website\",\"url\":\"https:\/\/www.ininavarra.es\/\",\"name\":\"INI Navarra\",\"description\":\"Instituto Navarro de Inversiones\",\"publisher\":{\"@id\":\"https:\/\/www.ininavarra.es\/#organization\"},\"potentialAction\":[{\"@type\":\"SearchAction\",\"target\":{\"@type\":\"EntryPoint\",\"urlTemplate\":\"https:\/\/www.ininavarra.es\/?s={search_term_string}\"},\"query-input\":{\"@type\":\"PropertyValueSpecification\",\"valueRequired\":true,\"valueName\":\"search_term_string\"}}],\"inLanguage\":\"eu-ES\"},{\"@type\":\"Organization\",\"@id\":\"https:\/\/www.ininavarra.es\/#organization\",\"name\":\"INI Navarra\",\"url\":\"https:\/\/www.ininavarra.es\/\",\"logo\":{\"@type\":\"ImageObject\",\"inLanguage\":\"eu-ES\",\"@id\":\"https:\/\/www.ininavarra.es\/#\/schema\/logo\/image\/\",\"url\":\"https:\/\/ininavarra.staging.nazaries.cloud\/wp-content\/uploads\/2022\/11\/INI_logo-principal.png\",\"contentUrl\":\"https:\/\/ininavarra.staging.nazaries.cloud\/wp-content\/uploads\/2022\/11\/INI_logo-principal.png\",\"width\":2000,\"height\":769,\"caption\":\"INI Navarra\"},\"image\":{\"@id\":\"https:\/\/www.ininavarra.es\/#\/schema\/logo\/image\/\"}}]}<\/script>\n<!-- \/ Yoast SEO plugin. -->","yoast_head_json":{"title":"Pol\u00edtica de cookies del INI.","description":"Pol\u00edtica de cookies del Instituto Navarro de Inversiones - INI. Utilizaci\u00f3n de las cookies con objeto de prestar un mejor servicio.","robots":{"index":"index","follow":"follow","max-snippet":"max-snippet:-1","max-image-preview":"max-image-preview:large","max-video-preview":"max-video-preview:-1"},"canonical":"https:\/\/www.ininavarra.es\/politica-de-privacidad\/","og_locale":"eu_ES","og_type":"article","og_title":"Pol\u00edtica de cookies del INI.","og_description":"Pol\u00edtica de cookies del Instituto Navarro de Inversiones - INI. Utilizaci\u00f3n de las cookies con objeto de prestar un mejor servicio.","og_url":"https:\/\/www.ininavarra.es\/politica-de-privacidad\/","og_site_name":"INI Navarra","article_modified_time":"2023-08-29T11:45:43+00:00","twitter_card":"summary_large_image","twitter_misc":{"Est. reading time":"5 minutes"},"schema":{"@context":"https:\/\/schema.org","@graph":[{"@type":"WebPage","@id":"https:\/\/www.ininavarra.es\/politica-de-privacidad\/","url":"https:\/\/www.ininavarra.es\/politica-de-privacidad\/","name":"Pol\u00edtica de cookies del INI.","isPartOf":{"@id":"https:\/\/www.ininavarra.es\/#website"},"datePublished":"2023-03-28T09:12:44+00:00","dateModified":"2023-08-29T11:45:43+00:00","description":"Pol\u00edtica de cookies del Instituto Navarro de Inversiones - INI. Utilizaci\u00f3n de las cookies con objeto de prestar un mejor servicio.","breadcrumb":{"@id":"https:\/\/www.ininavarra.es\/politica-de-privacidad\/#breadcrumb"},"inLanguage":"eu-ES","potentialAction":[{"@type":"ReadAction","target":["https:\/\/www.ininavarra.es\/politica-de-privacidad\/"]}]},{"@type":"BreadcrumbList","@id":"https:\/\/www.ininavarra.es\/politica-de-privacidad\/#breadcrumb","itemListElement":[{"@type":"ListItem","position":1,"name":"Portada","item":"https:\/\/www.ininavarra.es\/eu\/"},{"@type":"ListItem","position":2,"name":"Pribatutasun-politika"}]},{"@type":"WebSite","@id":"https:\/\/www.ininavarra.es\/#website","url":"https:\/\/www.ininavarra.es\/","name":"INI Navarra","description":"Instituto Navarro de Inversiones","publisher":{"@id":"https:\/\/www.ininavarra.es\/#organization"},"potentialAction":[{"@type":"SearchAction","target":{"@type":"EntryPoint","urlTemplate":"https:\/\/www.ininavarra.es\/?s={search_term_string}"},"query-input":{"@type":"PropertyValueSpecification","valueRequired":true,"valueName":"search_term_string"}}],"inLanguage":"eu-ES"},{"@type":"Organization","@id":"https:\/\/www.ininavarra.es\/#organization","name":"INI Navarra","url":"https:\/\/www.ininavarra.es\/","logo":{"@type":"ImageObject","inLanguage":"eu-ES","@id":"https:\/\/www.ininavarra.es\/#\/schema\/logo\/image\/","url":"https:\/\/ininavarra.staging.nazaries.cloud\/wp-content\/uploads\/2022\/11\/INI_logo-principal.png","contentUrl":"https:\/\/ininavarra.staging.nazaries.cloud\/wp-content\/uploads\/2022\/11\/INI_logo-principal.png","width":2000,"height":769,"caption":"INI Navarra"},"image":{"@id":"https:\/\/www.ininavarra.es\/#\/schema\/logo\/image\/"}}]}},"uagb_featured_image_src":{"full":false,"thumbnail":false,"medium":false,"medium_large":false,"large":false,"gs-tiny":false,"xl":false,"xxl":false,"xxxl":false,"xxxxl":false,"xxxxxl":false,"1536x1536":false,"2048x2048":false},"uagb_author_info":{"display_name":"Administrador","author_link":"https:\/\/ininavarra.staging.nazaries.cloud\/eu\/author\/gestor\/"},"uagb_comment_info":0,"uagb_excerpt":"DATU PERTSONALAK WEB-ORRIAREN BIDEZ TRATATZEA Datuen Babesari buruzko araudi aplikagarrian ezarritakoa betez, jakinarazten dizugu NAFARROAKO INBERTSIO INSTITUTUAk arduradun gisa tratatuko dituen datuen berri emango dizugula, gure harremanetarako formularioaren bidez eskatzen duzun zerbitzua emateko. Horretarako, politika hau onartzen dela adierazten duen laukitxoa markatu behar duzu. Onartzen ez baduzu, ez dugu zure baimen\u00a0 espresurik izango, eta ezingo&hellip;","_links":{"self":[{"href":"https:\/\/ininavarra.staging.nazaries.cloud\/eu\/wp-json\/wp\/v2\/pages\/5346","targetHints":{"allow":["GET"]}}],"collection":[{"href":"https:\/\/ininavarra.staging.nazaries.cloud\/eu\/wp-json\/wp\/v2\/pages"}],"about":[{"href":"https:\/\/ininavarra.staging.nazaries.cloud\/eu\/wp-json\/wp\/v2\/types\/page"}],"author":[{"embeddable":true,"href":"https:\/\/ininavarra.staging.nazaries.cloud\/eu\/wp-json\/wp\/v2\/users\/1"}],"replies":[{"embeddable":true,"href":"https:\/\/ininavarra.staging.nazaries.cloud\/eu\/wp-json\/wp\/v2\/comments?post=5346"}],"version-history":[{"count":61,"href":"https:\/\/ininavarra.staging.nazaries.cloud\/eu\/wp-json\/wp\/v2\/pages\/5346\/revisions"}],"predecessor-version":[{"id":6184,"href":"https:\/\/ininavarra.staging.nazaries.cloud\/eu\/wp-json\/wp\/v2\/pages\/5346\/revisions\/6184"}],"wp:attachment":[{"href":"https:\/\/ininavarra.staging.nazaries.cloud\/eu\/wp-json\/wp\/v2\/media?parent=5346"}],"curies":[{"name":"wp","href":"https:\/\/api.w.org\/{rel}","templated":true}]}}